{"id":58,"date":"2023-11-20T22:08:20","date_gmt":"2023-11-20T22:08:20","guid":{"rendered":"https:\/\/estudioslenisa.pt\/?page_id=58"},"modified":"2024-11-16T16:12:34","modified_gmt":"2024-11-16T16:12:34","slug":"contactos","status":"publish","type":"page","link":"https:\/\/estudioslenisa.pt\/?page_id=58","title":{"rendered":"CONTACTOS"},"content":{"rendered":"\n<div class=\"wp-block-columns is-layout-flex wp-container-core-columns-is-layout-9d6595d7 wp-block-columns-is-layout-flex\">\n<div class=\"wp-block-column is-layout-flow wp-block-column-is-layout-flow\"><\/div>\n\n\n\n<div class=\"wp-block-column is-layout-flow wp-block-column-is-layout-flow\"><\/div>\n<\/div>\n\n\n\n<div class=\"wp-block-columns is-layout-flex wp-container-core-columns-is-layout-9d6595d7 wp-block-columns-is-layout-flex\">\n<div class=\"wp-block-column is-layout-flow wp-block-column-is-layout-flow\">\n<div class=\"wpcf7 no-js\" id=\"wpcf7-f29-o1\" lang=\"pt-PT\" dir=\"ltr\" data-wpcf7-id=\"29\">\n<div class=\"screen-reader-response\"><p role=\"status\" aria-live=\"polite\" aria-atomic=\"true\"><\/p> <ul><\/ul><\/div>\n<form action=\"\/index.php?rest_route=%2Fwp%2Fv2%2Fpages%2F58#wpcf7-f29-o1\" method=\"post\" class=\"wpcf7-form init\" aria-label=\"Formul\u00e1rio de contacto\" novalidate=\"novalidate\" data-status=\"init\">\n<div style=\"display: none;\">\n<input type=\"hidden\" name=\"_wpcf7\" value=\"29\" \/>\n<input type=\"hidden\" name=\"_wpcf7_version\" value=\"6.0\" \/>\n<input type=\"hidden\" name=\"_wpcf7_locale\" value=\"pt_PT\" \/>\n<input type=\"hidden\" name=\"_wpcf7_unit_tag\" value=\"wpcf7-f29-o1\" \/>\n<input type=\"hidden\" name=\"_wpcf7_container_post\" value=\"0\" \/>\n<input type=\"hidden\" name=\"_wpcf7_posted_data_hash\" value=\"\" \/>\n<\/div>\n<p><label> O seu nome<br \/>\n<span class=\"wpcf7-form-control-wrap\" data-name=\"your-name\"><input size=\"40\" maxlength=\"400\" class=\"wpcf7-form-control wpcf7-text wpcf7-validates-as-required\" autocomplete=\"name\" aria-required=\"true\" aria-invalid=\"false\" value=\"\" type=\"text\" name=\"your-name\" \/><\/span> <\/label>\n<\/p>\n<p><label> O seu email<br \/>\n<span class=\"wpcf7-form-control-wrap\" data-name=\"your-email\"><input size=\"40\" maxlength=\"400\" class=\"wpcf7-form-control wpcf7-email wpcf7-validates-as-required wpcf7-text wpcf7-validates-as-email\" autocomplete=\"email\" aria-required=\"true\" aria-invalid=\"false\" value=\"\" type=\"email\" name=\"your-email\" \/><\/span> <\/label>\n<\/p>\n<p><label> Assunto<br \/>\n<span class=\"wpcf7-form-control-wrap\" data-name=\"your-subject\"><input size=\"40\" maxlength=\"400\" class=\"wpcf7-form-control wpcf7-text wpcf7-validates-as-required\" aria-required=\"true\" aria-invalid=\"false\" value=\"\" type=\"text\" name=\"your-subject\" \/><\/span> <\/label>\n<\/p>\n<p><label> A sua mensagem (opcional)<br \/>\n<span class=\"wpcf7-form-control-wrap\" data-name=\"your-message\"><textarea cols=\"40\" rows=\"10\" maxlength=\"2000\" class=\"wpcf7-form-control wpcf7-textarea\" aria-invalid=\"false\" name=\"your-message\"><\/textarea><\/span> <\/label>\n<\/p>\n<p><input class=\"wpcf7-form-control wpcf7-submit has-spinner\" type=\"submit\" value=\"Submeter\" \/>\n<\/p><div class=\"wpcf7-response-output\" aria-hidden=\"true\"><\/div>\n<\/form>\n<\/div>\n\n<\/div>\n\n\n\n<div class=\"wp-block-column is-layout-flow wp-block-column-is-layout-flow\">\n<h5 class=\"wp-block-heading\">Marca\u00e7\u00f5es<\/h5>\n\n\n\n<p>21 980 05 37<br>geral@estudioslenisa.com<\/p>\n\n\n\n<p>Hor\u00e1rios<\/p>\n\n\n\n<p><strong>Seg \u2013 Sex:<\/strong>&nbsp;09:00 \u2013 13h00 e 15h00 \u2013 19h30 Sab: 09h00 \u2013 13h00<\/p>\n\n\n\n<h5 class=\"wp-block-heading\">Localiza\u00e7\u00e3o<\/h5>\n\n\n\n<p>Loja 1:<br>Rua do Lagar n\u00ba4 B<br>Cane\u00e7as<br>Tel\/Fax: 21 980 05 37<\/p>\n\n\n\n<p>Loja 2:<br>Av. de Lisboa n\u00ba67<br>Casal de Cambra<br>Tel: 21 980 36 89<\/p>\n\n\n\n<p>Loja 3:<br>Centro Comercial Mirasol<br>Cane\u00e7as<br>Tel: 21 980 53 52<\/p>\n<\/div>\n<\/div>\n","protected":false},"excerpt":{"rendered":"<p>Marca\u00e7\u00f5es 21 980 05 37geral@estudioslenisa.com Hor\u00e1rios Seg \u2013 Sex:&nbsp;09:00 \u2013 13h00 e 15h00 \u2013 19h30 Sab: 09h00 \u2013 13h00 Localiza\u00e7\u00e3o Loja 1:Rua do Lagar n\u00ba4 BCane\u00e7asTel\/Fax: 21 980 05 37 Loja 2:Av. de Lisboa n\u00ba67Casal de CambraTel: 21 980 36 89 Loja 3:Centro Comercial MirasolCane\u00e7asTel: 21 980 53 52<\/p>\n","protected":false},"author":1,"featured_media":0,"parent":0,"menu_order":0,"comment_status":"closed","ping_status":"closed","template":"template-parts\/template-full-width.php","meta":{"footnotes":""},"class_list":["post-58","page","type-page","status-publish","hentry"],"_links":{"self":[{"href":"https:\/\/estudioslenisa.pt\/index.php?rest_route=\/wp\/v2\/pages\/58","targetHints":{"allow":["GET"]}}],"collection":[{"href":"https:\/\/estudioslenisa.pt\/index.php?rest_route=\/wp\/v2\/pages"}],"about":[{"href":"https:\/\/estudioslenisa.pt\/index.php?rest_route=\/wp\/v2\/types\/page"}],"author":[{"embeddable":true,"href":"https:\/\/estudioslenisa.pt\/index.php?rest_route=\/wp\/v2\/users\/1"}],"replies":[{"embeddable":true,"href":"https:\/\/estudioslenisa.pt\/index.php?rest_route=%2Fwp%2Fv2%2Fcomments&post=58"}],"version-history":[{"count":5,"href":"https:\/\/estudioslenisa.pt\/index.php?rest_route=\/wp\/v2\/pages\/58\/revisions"}],"predecessor-version":[{"id":411,"href":"https:\/\/estudioslenisa.pt\/index.php?rest_route=\/wp\/v2\/pages\/58\/revisions\/411"}],"wp:attachment":[{"href":"https:\/\/estudioslenisa.pt\/index.php?rest_route=%2Fwp%2Fv2%2Fmedia&parent=58"}],"curies":[{"name":"wp","href":"https:\/\/api.w.org\/{rel}","templated":true}]}}