{"id":397,"date":"2024-11-16T15:46:56","date_gmt":"2024-11-16T15:46:56","guid":{"rendered":"https:\/\/estudioslenisa.pt\/?page_id=397"},"modified":"2024-11-17T14:04:57","modified_gmt":"2024-11-17T14:04:57","slug":"estudio","status":"publish","type":"page","link":"https:\/\/estudioslenisa.pt\/?page_id=397","title":{"rendered":"EST\u00daDIO"},"content":{"rendered":"\n<p>Podemos dizer que \u00e9 aqui que estamos como peixe na \u00e1gua&#8230; ambiente cuidado, a melhor luz, os melhores adere\u00e7os, sempre novos cen\u00e1rios e decora\u00e7\u00f5es tendo em conta a altura do ano ou dias festivos. \u00c9 aqui que dedicamos todo o tempo e paci\u00eancia para que os nossos clientes e, de forma especial, as nossas crian\u00e7as, se sintam num ambiente descontra\u00eddo, aconchegante e feliz para conseguirmos as melhores fotos.<\/p>\n\n\n\n<p>Queremos que se sintam bem-vindos na nossa casa! Aqui a porta est\u00e1 sempre aberta para vos receber.<\/p>\n\n\n\n<h2 class=\"wp-block-heading\"><\/h2>\n\n\n\n<p><strong><a href=\"https:\/\/estudioslenisa.pt\/?page_id=163\" data-type=\"page\" data-id=\"163\">NEWBORN<\/a>   |   <a href=\"https:\/\/estudioslenisa.pt\/?page_id=281\" data-type=\"page\" data-id=\"281\">GRAVIDEZ<\/a>   |   <a href=\"https:\/\/estudioslenisa.pt\/?page_id=293\" data-type=\"page\" data-id=\"293\">CRIAN\u00c7A E FAM\u00cdLIA<\/a>   |   <a href=\"https:\/\/estudioslenisa.pt\/?page_id=301\" data-type=\"page\" data-id=\"301\">SMASH THE CAKE<\/a>   |   RETRATOS<\/strong> | <strong>MODA<\/strong><\/p>\n\n\n\n<p><\/p>\n\n\n\t\t\t<style>\r\n                #foogallery-gallery-398.fg-masonry .fg-item {\r\n                    width: 250px;\r\n                    margin-right: 10px;\r\n                    margin-bottom: 10px;\r\n                }\r\n\t\t\t<\/style>\r\n\t\t\t<div class=\"foogallery foogallery-container foogallery-masonry foogallery-lightbox-foogallery fg-center fg-masonry fg-dark fg-loading-default fg-captions-bottom fg-hover-fade fg-hover-plus fg-ready fg-fixed\" id=\"foogallery-gallery-398\" data-foogallery=\"{&quot;item&quot;:{&quot;showCaptionTitle&quot;:true,&quot;showCaptionDescription&quot;:true},&quot;lazy&quot;:true,&quot;template&quot;:{&quot;columnWidth&quot;:250,&quot;gutter&quot;:10}}\" data-foogallery-lightbox=\"{&quot;button&quot;:&quot;fg-button-light&quot;,&quot;highlight&quot;:&quot;fg-highlight-light&quot;,&quot;thumbs&quot;:&quot;bottom&quot;,&quot;thumbsCaptions&quot;:false,&quot;thumbsBestFit&quot;:false,&quot;thumbsSmall&quot;:false,&quot;thumbsCaptionsAlign&quot;:&quot;default&quot;,&quot;info&quot;:&quot;bottom&quot;,&quot;infoVisible&quot;:true,&quot;infoOverlay&quot;:true,&quot;infoAlign&quot;:&quot;default&quot;,&quot;transition&quot;:&quot;fade&quot;,&quot;hoverButtons&quot;:false,&quot;fitMedia&quot;:false,&quot;noScrollbars&quot;:true,&quot;preserveButtonSpace&quot;:true,&quot;buttons&quot;:{&quot;fullscreen&quot;:true,&quot;info&quot;:true,&quot;thumbs&quot;:false},&quot;video&quot;:{&quot;autoPlay&quot;:true}}\" >\r\n\t\t<div class=\"fg-item fg-type-image fg-idle\"><figure class=\"fg-item-inner\"><a href=\"https:\/\/estudioslenisa.pt\/wp-content\/uploads\/2024\/04\/E2013_169-scaled.jpg\" data-attachment-id=\"370\" data-type=\"image\" class=\"fg-thumb\"><span class=\"fg-image-wrap\"><img decoding=\"async\" width=\"250\" height=\"182\" class=\"skip-lazy fg-image\" data-src-fg=\"https:\/\/estudioslenisa.pt\/wp-content\/uploads\/cache\/2024\/04\/E2013_169-scaled\/2704060540.jpg\" src=\"data:image\/svg+xml,%3Csvg%20xmlns%3D%22http%3A%2F%2Fwww.w3.org%2F2000%2Fsvg%22%20width%3D%22250%22%20height%3D%22182%22%20viewBox%3D%220%200%20250%20182%22%3E%3C%2Fsvg%3E\" loading=\"eager\"><\/span><span class=\"fg-image-overlay\"><\/span><\/a><\/figure><div class=\"fg-loader\"><\/div><\/div><div class=\"fg-item fg-type-image fg-idle\"><figure class=\"fg-item-inner\"><a href=\"https:\/\/estudioslenisa.pt\/wp-content\/uploads\/2024\/04\/E1985_179-scaled.jpg\" data-attachment-id=\"366\" data-type=\"image\" class=\"fg-thumb\"><span class=\"fg-image-wrap\"><img decoding=\"async\" width=\"250\" height=\"195\" class=\"skip-lazy fg-image\" data-src-fg=\"https:\/\/estudioslenisa.pt\/wp-content\/uploads\/cache\/2024\/04\/E1985_179-scaled\/4128032507.jpg\" src=\"data:image\/svg+xml,%3Csvg%20xmlns%3D%22http%3A%2F%2Fwww.w3.org%2F2000%2Fsvg%22%20width%3D%22250%22%20height%3D%22195%22%20viewBox%3D%220%200%20250%20195%22%3E%3C%2Fsvg%3E\" loading=\"eager\"><\/span><span class=\"fg-image-overlay\"><\/span><\/a><\/figure><div class=\"fg-loader\"><\/div><\/div><div class=\"fg-item fg-type-image fg-idle\"><figure class=\"fg-item-inner\"><a href=\"https:\/\/estudioslenisa.pt\/wp-content\/uploads\/2024\/04\/E1898_162-scaled.jpg\" data-attachment-id=\"287\" data-type=\"image\" class=\"fg-thumb\"><span class=\"fg-image-wrap\"><img fetchpriority=\"high\" decoding=\"async\" width=\"250\" height=\"267\" class=\"skip-lazy fg-image\" data-src-fg=\"https:\/\/estudioslenisa.pt\/wp-content\/uploads\/cache\/2024\/04\/E1898_162-scaled\/4203710160.jpg\" src=\"data:image\/svg+xml,%3Csvg%20xmlns%3D%22http%3A%2F%2Fwww.w3.org%2F2000%2Fsvg%22%20width%3D%22250%22%20height%3D%22267%22%20viewBox%3D%220%200%20250%20267%22%3E%3C%2Fsvg%3E\" loading=\"eager\"><\/span><span class=\"fg-image-overlay\"><\/span><\/a><\/figure><div class=\"fg-loader\"><\/div><\/div><div class=\"fg-item fg-type-image fg-idle\"><figure class=\"fg-item-inner\"><a href=\"https:\/\/estudioslenisa.pt\/wp-content\/uploads\/2024\/04\/E1896_202-scaled.jpg\" data-attachment-id=\"285\" data-type=\"image\" class=\"fg-thumb\"><span class=\"fg-image-wrap\"><img decoding=\"async\" width=\"250\" height=\"351\" class=\"skip-lazy fg-image\" data-src-fg=\"https:\/\/estudioslenisa.pt\/wp-content\/uploads\/cache\/2024\/04\/E1896_202-scaled\/1378299866.jpg\" src=\"data:image\/svg+xml,%3Csvg%20xmlns%3D%22http%3A%2F%2Fwww.w3.org%2F2000%2Fsvg%22%20width%3D%22250%22%20height%3D%22351%22%20viewBox%3D%220%200%20250%20351%22%3E%3C%2Fsvg%3E\" loading=\"eager\"><\/span><span class=\"fg-image-overlay\"><\/span><\/a><\/figure><div class=\"fg-loader\"><\/div><\/div><div class=\"fg-item fg-type-image fg-idle\"><figure class=\"fg-item-inner\"><a href=\"https:\/\/estudioslenisa.pt\/wp-content\/uploads\/2024\/04\/E2011_7_1-scaled.jpg\" data-attachment-id=\"241\" data-type=\"image\" class=\"fg-thumb\"><span class=\"fg-image-wrap\"><img decoding=\"async\" width=\"250\" height=\"167\" class=\"skip-lazy fg-image\" data-src-fg=\"https:\/\/estudioslenisa.pt\/wp-content\/uploads\/cache\/2024\/04\/E2011_7_1-scaled\/3168595643.jpg\" src=\"data:image\/svg+xml,%3Csvg%20xmlns%3D%22http%3A%2F%2Fwww.w3.org%2F2000%2Fsvg%22%20width%3D%22250%22%20height%3D%22167%22%20viewBox%3D%220%200%20250%20167%22%3E%3C%2Fsvg%3E\" loading=\"eager\"><\/span><span class=\"fg-image-overlay\"><\/span><\/a><\/figure><div class=\"fg-loader\"><\/div><\/div><div class=\"fg-item fg-type-image fg-idle\"><figure class=\"fg-item-inner\"><a href=\"https:\/\/estudioslenisa.pt\/wp-content\/uploads\/2024\/04\/E1995_61.jpg\" data-attachment-id=\"240\" data-type=\"image\" class=\"fg-thumb\"><span class=\"fg-image-wrap\"><img decoding=\"async\" width=\"250\" height=\"333\" class=\"skip-lazy fg-image\" data-src-fg=\"https:\/\/estudioslenisa.pt\/wp-content\/uploads\/cache\/2024\/04\/E1995_61\/1471478249.jpg\" src=\"data:image\/svg+xml,%3Csvg%20xmlns%3D%22http%3A%2F%2Fwww.w3.org%2F2000%2Fsvg%22%20width%3D%22250%22%20height%3D%22333%22%20viewBox%3D%220%200%20250%20333%22%3E%3C%2Fsvg%3E\" loading=\"eager\"><\/span><span class=\"fg-image-overlay\"><\/span><\/a><\/figure><div class=\"fg-loader\"><\/div><\/div><div class=\"fg-item fg-type-image fg-idle\"><figure class=\"fg-item-inner\"><a href=\"https:\/\/estudioslenisa.pt\/wp-content\/uploads\/2024\/04\/E1959_223-scaled.jpg\" data-attachment-id=\"233\" data-type=\"image\" class=\"fg-thumb\"><span class=\"fg-image-wrap\"><img decoding=\"async\" width=\"250\" height=\"167\" class=\"skip-lazy fg-image\" data-src-fg=\"https:\/\/estudioslenisa.pt\/wp-content\/uploads\/cache\/2024\/04\/E1959_223-scaled\/1963865890.jpg\" src=\"data:image\/svg+xml,%3Csvg%20xmlns%3D%22http%3A%2F%2Fwww.w3.org%2F2000%2Fsvg%22%20width%3D%22250%22%20height%3D%22167%22%20viewBox%3D%220%200%20250%20167%22%3E%3C%2Fsvg%3E\" loading=\"eager\"><\/span><span class=\"fg-image-overlay\"><\/span><\/a><\/figure><div class=\"fg-loader\"><\/div><\/div><div class=\"fg-item fg-type-image fg-idle\"><figure class=\"fg-item-inner\"><a href=\"https:\/\/estudioslenisa.pt\/wp-content\/uploads\/2024\/04\/E1989_1098-scaled.jpg\" data-attachment-id=\"222\" data-type=\"image\" class=\"fg-thumb\"><span class=\"fg-image-wrap\"><img decoding=\"async\" width=\"250\" height=\"358\" class=\"skip-lazy fg-image\" data-src-fg=\"https:\/\/estudioslenisa.pt\/wp-content\/uploads\/cache\/2024\/04\/E1989_1098-scaled\/3944241555.jpg\" src=\"data:image\/svg+xml,%3Csvg%20xmlns%3D%22http%3A%2F%2Fwww.w3.org%2F2000%2Fsvg%22%20width%3D%22250%22%20height%3D%22358%22%20viewBox%3D%220%200%20250%20358%22%3E%3C%2Fsvg%3E\" loading=\"eager\"><\/span><span class=\"fg-image-overlay\"><\/span><\/a><\/figure><div class=\"fg-loader\"><\/div><\/div><div class=\"fg-item fg-type-image fg-idle\"><figure class=\"fg-item-inner\"><a href=\"https:\/\/estudioslenisa.pt\/wp-content\/uploads\/2024\/04\/E2013_41-scaled.jpg\" data-attachment-id=\"200\" data-type=\"image\" class=\"fg-thumb\"><span class=\"fg-image-wrap\"><img decoding=\"async\" width=\"250\" height=\"375\" class=\"skip-lazy fg-image\" data-src-fg=\"https:\/\/estudioslenisa.pt\/wp-content\/uploads\/cache\/2024\/04\/E2013_41-scaled\/2527781767.jpg\" src=\"data:image\/svg+xml,%3Csvg%20xmlns%3D%22http%3A%2F%2Fwww.w3.org%2F2000%2Fsvg%22%20width%3D%22250%22%20height%3D%22375%22%20viewBox%3D%220%200%20250%20375%22%3E%3C%2Fsvg%3E\" loading=\"eager\"><\/span><span class=\"fg-image-overlay\"><\/span><\/a><\/figure><div class=\"fg-loader\"><\/div><\/div><div class=\"fg-item fg-type-image fg-idle\"><figure class=\"fg-item-inner\"><a href=\"https:\/\/estudioslenisa.pt\/wp-content\/uploads\/2024\/04\/E2016_31-scaled.jpg\" data-attachment-id=\"181\" data-type=\"image\" class=\"fg-thumb\"><span class=\"fg-image-wrap\"><img decoding=\"async\" width=\"250\" height=\"167\" class=\"skip-lazy fg-image\" data-src-fg=\"https:\/\/estudioslenisa.pt\/wp-content\/uploads\/cache\/2024\/04\/E2016_31-scaled\/4232776592.jpg\" src=\"data:image\/svg+xml,%3Csvg%20xmlns%3D%22http%3A%2F%2Fwww.w3.org%2F2000%2Fsvg%22%20width%3D%22250%22%20height%3D%22167%22%20viewBox%3D%220%200%20250%20167%22%3E%3C%2Fsvg%3E\" loading=\"eager\"><\/span><span class=\"fg-image-overlay\"><\/span><\/a><\/figure><div class=\"fg-loader\"><\/div><\/div><div class=\"fg-item fg-type-image fg-idle\"><figure class=\"fg-item-inner\"><a href=\"https:\/\/estudioslenisa.pt\/wp-content\/uploads\/2024\/04\/E2010_10-scaled.jpg\" data-attachment-id=\"178\" data-type=\"image\" class=\"fg-thumb\"><span class=\"fg-image-wrap\"><img decoding=\"async\" width=\"250\" height=\"333\" class=\"skip-lazy fg-image\" data-src-fg=\"https:\/\/estudioslenisa.pt\/wp-content\/uploads\/cache\/2024\/04\/E2010_10-scaled\/3387457556.jpg\" src=\"data:image\/svg+xml,%3Csvg%20xmlns%3D%22http%3A%2F%2Fwww.w3.org%2F2000%2Fsvg%22%20width%3D%22250%22%20height%3D%22333%22%20viewBox%3D%220%200%20250%20333%22%3E%3C%2Fsvg%3E\" loading=\"eager\"><\/span><span class=\"fg-image-overlay\"><\/span><\/a><\/figure><div class=\"fg-loader\"><\/div><\/div><div class=\"fg-item fg-type-image fg-idle\"><figure class=\"fg-item-inner\"><a href=\"https:\/\/estudioslenisa.pt\/wp-content\/uploads\/2024\/04\/E1916_92-scaled.jpg\" data-attachment-id=\"165\" data-type=\"image\" class=\"fg-thumb\"><span class=\"fg-image-wrap\"><img decoding=\"async\" width=\"250\" height=\"179\" class=\"skip-lazy fg-image\" data-src-fg=\"https:\/\/estudioslenisa.pt\/wp-content\/uploads\/cache\/2024\/04\/E1916_92-scaled\/1302153519.jpg\" src=\"data:image\/svg+xml,%3Csvg%20xmlns%3D%22http%3A%2F%2Fwww.w3.org%2F2000%2Fsvg%22%20width%3D%22250%22%20height%3D%22179%22%20viewBox%3D%220%200%20250%20179%22%3E%3C%2Fsvg%3E\" loading=\"eager\"><\/span><span class=\"fg-image-overlay\"><\/span><\/a><\/figure><div class=\"fg-loader\"><\/div><\/div><div class=\"fg-item fg-type-image fg-idle\"><figure class=\"fg-item-inner\"><a href=\"https:\/\/estudioslenisa.pt\/wp-content\/uploads\/2024\/04\/E1914_63_1.jpg\" data-attachment-id=\"159\" data-type=\"image\" class=\"fg-thumb\"><span class=\"fg-image-wrap\"><img decoding=\"async\" width=\"250\" height=\"188\" class=\"skip-lazy fg-image\" data-src-fg=\"https:\/\/estudioslenisa.pt\/wp-content\/uploads\/cache\/2024\/04\/E1914_63_1\/2306086492.jpg\" src=\"data:image\/svg+xml,%3Csvg%20xmlns%3D%22http%3A%2F%2Fwww.w3.org%2F2000%2Fsvg%22%20width%3D%22250%22%20height%3D%22188%22%20viewBox%3D%220%200%20250%20188%22%3E%3C%2Fsvg%3E\" loading=\"eager\"><\/span><span class=\"fg-image-overlay\"><\/span><\/a><\/figure><div class=\"fg-loader\"><\/div><\/div><div class=\"fg-item fg-type-image fg-idle\"><figure class=\"fg-item-inner\"><a href=\"https:\/\/estudioslenisa.pt\/wp-content\/uploads\/2023\/11\/estudio2-1.jpg\" data-attachment-id=\"66\" data-type=\"image\" class=\"fg-thumb\"><span class=\"fg-image-wrap\"><img decoding=\"async\" width=\"250\" height=\"251\" class=\"skip-lazy fg-image\" data-src-fg=\"https:\/\/estudioslenisa.pt\/wp-content\/uploads\/cache\/2023\/11\/estudio2-1\/735323129.jpg\" src=\"data:image\/svg+xml,%3Csvg%20xmlns%3D%22http%3A%2F%2Fwww.w3.org%2F2000%2Fsvg%22%20width%3D%22250%22%20height%3D%22251%22%20viewBox%3D%220%200%20250%20251%22%3E%3C%2Fsvg%3E\" loading=\"eager\"><\/span><span class=\"fg-image-overlay\"><\/span><\/a><\/figure><div class=\"fg-loader\"><\/div><\/div><div class=\"fg-item fg-type-image fg-idle\"><figure class=\"fg-item-inner\"><a href=\"https:\/\/estudioslenisa.pt\/wp-content\/uploads\/2023\/11\/264122246_4601466356568245_1548339686696243175_n.jpg\" data-attachment-id=\"72\" data-type=\"image\" class=\"fg-thumb\"><span class=\"fg-image-wrap\"><img decoding=\"async\" width=\"250\" height=\"167\" class=\"skip-lazy fg-image\" data-src-fg=\"https:\/\/estudioslenisa.pt\/wp-content\/uploads\/cache\/2023\/11\/264122246_4601466356568245_1548339686696243175_n\/1956606934.jpg\" src=\"data:image\/svg+xml,%3Csvg%20xmlns%3D%22http%3A%2F%2Fwww.w3.org%2F2000%2Fsvg%22%20width%3D%22250%22%20height%3D%22167%22%20viewBox%3D%220%200%20250%20167%22%3E%3C%2Fsvg%3E\" loading=\"eager\"><\/span><span class=\"fg-image-overlay\"><\/span><\/a><\/figure><div class=\"fg-loader\"><\/div><\/div><div class=\"fg-item fg-type-image fg-idle\"><figure class=\"fg-item-inner\"><a href=\"https:\/\/estudioslenisa.pt\/wp-content\/uploads\/2023\/11\/318215878_586360986632184_9197233985513450249_n.jpg\" data-attachment-id=\"73\" data-type=\"image\" class=\"fg-thumb\"><span class=\"fg-image-wrap\"><img decoding=\"async\" width=\"250\" height=\"167\" class=\"skip-lazy fg-image\" data-src-fg=\"https:\/\/estudioslenisa.pt\/wp-content\/uploads\/cache\/2023\/11\/318215878_586360986632184_9197233985513450249_n\/1224236176.jpg\" src=\"data:image\/svg+xml,%3Csvg%20xmlns%3D%22http%3A%2F%2Fwww.w3.org%2F2000%2Fsvg%22%20width%3D%22250%22%20height%3D%22167%22%20viewBox%3D%220%200%20250%20167%22%3E%3C%2Fsvg%3E\" loading=\"eager\"><\/span><span class=\"fg-image-overlay\"><\/span><\/a><\/figure><div class=\"fg-loader\"><\/div><\/div><div class=\"fg-item fg-type-image fg-idle\"><figure class=\"fg-item-inner\"><a href=\"https:\/\/estudioslenisa.pt\/wp-content\/uploads\/2023\/12\/E2019_85-scaled.jpg\" data-attachment-id=\"69\" data-type=\"image\" class=\"fg-thumb\"><span class=\"fg-image-wrap\"><img decoding=\"async\" width=\"250\" height=\"167\" class=\"skip-lazy fg-image\" data-src-fg=\"https:\/\/estudioslenisa.pt\/wp-content\/uploads\/cache\/2023\/12\/E2019_85-scaled\/3965951306.jpg\" src=\"data:image\/svg+xml,%3Csvg%20xmlns%3D%22http%3A%2F%2Fwww.w3.org%2F2000%2Fsvg%22%20width%3D%22250%22%20height%3D%22167%22%20viewBox%3D%220%200%20250%20167%22%3E%3C%2Fsvg%3E\" loading=\"eager\"><\/span><span class=\"fg-image-overlay\"><\/span><\/a><\/figure><div class=\"fg-loader\"><\/div><\/div><div class=\"fg-item fg-type-image fg-idle\"><figure class=\"fg-item-inner\"><a href=\"https:\/\/estudioslenisa.pt\/wp-content\/uploads\/2024\/11\/E1978_28.jpg\" data-attachment-id=\"400\" data-type=\"image\" class=\"fg-thumb\"><span class=\"fg-image-wrap\"><img decoding=\"async\" width=\"250\" height=\"375\" class=\"skip-lazy fg-image\" data-src-fg=\"https:\/\/estudioslenisa.pt\/wp-content\/uploads\/cache\/2024\/11\/E1978_28\/3085534870.jpg\" src=\"data:image\/svg+xml,%3Csvg%20xmlns%3D%22http%3A%2F%2Fwww.w3.org%2F2000%2Fsvg%22%20width%3D%22250%22%20height%3D%22375%22%20viewBox%3D%220%200%20250%20375%22%3E%3C%2Fsvg%3E\" loading=\"eager\"><\/span><span class=\"fg-image-overlay\"><\/span><\/a><\/figure><div class=\"fg-loader\"><\/div><\/div><div class=\"fg-item fg-type-image fg-idle\"><figure class=\"fg-item-inner\"><a href=\"https:\/\/estudioslenisa.pt\/wp-content\/uploads\/2024\/11\/E1978_14.jpg\" data-attachment-id=\"405\" data-type=\"image\" class=\"fg-thumb\"><span class=\"fg-image-wrap\"><img decoding=\"async\" width=\"250\" height=\"333\" class=\"skip-lazy fg-image\" data-src-fg=\"https:\/\/estudioslenisa.pt\/wp-content\/uploads\/cache\/2024\/11\/E1978_14\/4159513961.jpg\" src=\"data:image\/svg+xml,%3Csvg%20xmlns%3D%22http%3A%2F%2Fwww.w3.org%2F2000%2Fsvg%22%20width%3D%22250%22%20height%3D%22333%22%20viewBox%3D%220%200%20250%20333%22%3E%3C%2Fsvg%3E\" loading=\"eager\"><\/span><span class=\"fg-image-overlay\"><\/span><\/a><\/figure><div class=\"fg-loader\"><\/div><\/div><div class=\"fg-item fg-type-image fg-idle\"><figure class=\"fg-item-inner\"><a href=\"https:\/\/estudioslenisa.pt\/wp-content\/uploads\/2024\/11\/P130_687_1.jpg\" data-attachment-id=\"401\" data-type=\"image\" class=\"fg-thumb\"><span class=\"fg-image-wrap\"><img decoding=\"async\" width=\"250\" height=\"331\" class=\"skip-lazy fg-image\" data-src-fg=\"https:\/\/estudioslenisa.pt\/wp-content\/uploads\/cache\/2024\/11\/P130_687_1\/212250388.jpg\" src=\"data:image\/svg+xml,%3Csvg%20xmlns%3D%22http%3A%2F%2Fwww.w3.org%2F2000%2Fsvg%22%20width%3D%22250%22%20height%3D%22331%22%20viewBox%3D%220%200%20250%20331%22%3E%3C%2Fsvg%3E\" loading=\"eager\"><\/span><span class=\"fg-image-overlay\"><\/span><\/a><\/figure><div class=\"fg-loader\"><\/div><\/div><div class=\"fg-item fg-type-image fg-idle\"><figure class=\"fg-item-inner\"><a href=\"https:\/\/estudioslenisa.pt\/wp-content\/uploads\/2024\/11\/P130_701-scaled.jpg\" data-attachment-id=\"404\" data-type=\"image\" class=\"fg-thumb\"><span class=\"fg-image-wrap\"><img decoding=\"async\" width=\"250\" height=\"167\" class=\"skip-lazy fg-image\" data-src-fg=\"https:\/\/estudioslenisa.pt\/wp-content\/uploads\/cache\/2024\/11\/P130_701-scaled\/3864290506.jpg\" src=\"data:image\/svg+xml,%3Csvg%20xmlns%3D%22http%3A%2F%2Fwww.w3.org%2F2000%2Fsvg%22%20width%3D%22250%22%20height%3D%22167%22%20viewBox%3D%220%200%20250%20167%22%3E%3C%2Fsvg%3E\" loading=\"eager\"><\/span><span class=\"fg-image-overlay\"><\/span><\/a><\/figure><div class=\"fg-loader\"><\/div><\/div><div class=\"fg-item fg-type-image fg-idle\"><figure class=\"fg-item-inner\"><a href=\"https:\/\/estudioslenisa.pt\/wp-content\/uploads\/2024\/11\/P161_546_1-scaled.jpg\" data-attachment-id=\"402\" data-type=\"image\" class=\"fg-thumb\"><span class=\"fg-image-wrap\"><img decoding=\"async\" width=\"250\" height=\"375\" class=\"skip-lazy fg-image\" data-src-fg=\"https:\/\/estudioslenisa.pt\/wp-content\/uploads\/cache\/2024\/11\/P161_546_1-scaled\/2224846080.jpg\" src=\"data:image\/svg+xml,%3Csvg%20xmlns%3D%22http%3A%2F%2Fwww.w3.org%2F2000%2Fsvg%22%20width%3D%22250%22%20height%3D%22375%22%20viewBox%3D%220%200%20250%20375%22%3E%3C%2Fsvg%3E\" loading=\"eager\"><\/span><span class=\"fg-image-overlay\"><\/span><\/a><\/figure><div class=\"fg-loader\"><\/div><\/div><div class=\"fg-item fg-type-image fg-idle\"><figure class=\"fg-item-inner\"><a href=\"https:\/\/estudioslenisa.pt\/wp-content\/uploads\/2024\/11\/P161_560-scaled.jpg\" data-attachment-id=\"403\" data-type=\"image\" class=\"fg-thumb\"><span class=\"fg-image-wrap\"><img decoding=\"async\" width=\"250\" height=\"375\" class=\"skip-lazy fg-image\" data-src-fg=\"https:\/\/estudioslenisa.pt\/wp-content\/uploads\/cache\/2024\/11\/P161_560-scaled\/4128567801.jpg\" src=\"data:image\/svg+xml,%3Csvg%20xmlns%3D%22http%3A%2F%2Fwww.w3.org%2F2000%2Fsvg%22%20width%3D%22250%22%20height%3D%22375%22%20viewBox%3D%220%200%20250%20375%22%3E%3C%2Fsvg%3E\" loading=\"eager\"><\/span><span class=\"fg-image-overlay\"><\/span><\/a><\/figure><div class=\"fg-loader\"><\/div><\/div><\/div>\n\n\n<p class=\"has-small-font-size\"><\/p>\n\n\n<p>\n\n\n<div class=\"wp-block-buttons is-vertical is-content-justification-center is-layout-flex wp-container-core-buttons-is-layout-4649e89c wp-block-buttons-is-layout-flex\">\n<div class=\"wp-block-button has-custom-width wp-block-button__width-25 is-style-outline is-style-outline--1\"><a class=\"wp-block-button__link has-text-color has-background wp-element-button\" href=\"https:\/\/estudioslenisa.pt\/?page_id=58\" style=\"border-radius:50px;color:#ffffff;background-color:#c8ba7b\" target=\"_blank\" rel=\"noreferrer noopener\">Contacte-nos<\/a><\/div>\n<\/div>\n","protected":false},"excerpt":{"rendered":"<p>Podemos dizer que \u00e9 aqui que estamos como peixe na \u00e1gua&#8230; ambiente cuidado, a melhor luz, os melhores adere\u00e7os, sempre novos cen\u00e1rios e decora\u00e7\u00f5es tendo em conta a altura do ano ou dias festivos. \u00c9 aqui que dedicamos todo o tempo e paci\u00eancia para que os nossos clientes e, de forma especial, as nossas crian\u00e7as, se sintam num ambiente descontra\u00eddo, aconchegante e feliz para conseguirmos as melhores fotos. Queremos que se sintam bem-vindos na nossa casa! Aqui a porta est\u00e1 sempre aberta para vos receber. NEWBORN | GRAVIDEZ | CRIAN\u00c7A E FAM\u00cdLIA | SMASH THE CAKE | RETRATOS | MODA<\/p>\n","protected":false},"author":1,"featured_media":0,"parent":0,"menu_order":0,"comment_status":"closed","ping_status":"closed","template":"template-parts\/template-full-width.php","meta":{"footnotes":""},"class_list":["post-397","page","type-page","status-publish","hentry"],"_links":{"self":[{"href":"https:\/\/estudioslenisa.pt\/index.php?rest_route=\/wp\/v2\/pages\/397","targetHints":{"allow":["GET"]}}],"collection":[{"href":"https:\/\/estudioslenisa.pt\/index.php?rest_route=\/wp\/v2\/pages"}],"about":[{"href":"https:\/\/estudioslenisa.pt\/index.php?rest_route=\/wp\/v2\/types\/page"}],"author":[{"embeddable":true,"href":"https:\/\/estudioslenisa.pt\/index.php?rest_route=\/wp\/v2\/users\/1"}],"replies":[{"embeddable":true,"href":"https:\/\/estudioslenisa.pt\/index.php?rest_route=%2Fwp%2Fv2%2Fcomments&post=397"}],"version-history":[{"count":5,"href":"https:\/\/estudioslenisa.pt\/index.php?rest_route=\/wp\/v2\/pages\/397\/revisions"}],"predecessor-version":[{"id":477,"href":"https:\/\/estudioslenisa.pt\/index.php?rest_route=\/wp\/v2\/pages\/397\/revisions\/477"}],"wp:attachment":[{"href":"https:\/\/estudioslenisa.pt\/index.php?rest_route=%2Fwp%2Fv2%2Fmedia&parent=397"}],"curies":[{"name":"wp","href":"https:\/\/api.w.org\/{rel}","templated":true}]}}