{"id":151,"date":"2024-04-10T14:55:38","date_gmt":"2024-04-10T14:55:38","guid":{"rendered":"https:\/\/estudioslenisa.pt\/?page_id=151"},"modified":"2024-11-16T15:20:01","modified_gmt":"2024-11-16T15:20:01","slug":"batizados","status":"publish","type":"page","link":"https:\/\/estudioslenisa.pt\/?page_id=151","title":{"rendered":"BATIZADOS"},"content":{"rendered":"\n<p>O batizado \u00e9 um momento especial e simb\u00f3lico na vida de uma fam\u00edlia, repleto de emo\u00e7\u00e3o e significado. O nosso servi\u00e7o de <strong>reportagem fotogr\u00e1fica para batizados<\/strong> regista cada detalhe desta celebra\u00e7\u00e3o \u00fanica, capturando com sensibilidade e discri\u00e7\u00e3o os momentos mais importantes, desde a cerim\u00f3nia at\u00e9 \u00e0 reuni\u00e3o familiar.<\/p>\n\n\n\n<p>Focamo-nos em fotografar os gestos de carinho, as express\u00f5es e a alegria deste dia especial. As nossas imagens procuram refletir a beleza da cerim\u00f3nia e o amor que envolve a crian\u00e7a e a sua fam\u00edlia.<\/p>\n\n\n\n<p>Fazemos a <strong>cobertura completa<\/strong> da cerim\u00f3nia, desde os preparativos em casa at\u00e9 \u00e0 celebra\u00e7\u00e3o e festa com amigos e familiares. Produzimos <strong>\u00e1lbuns fotogr\u00e1ficos<\/strong> personalizados para guardar as mem\u00f3rias deste dia.<\/p>\n\n\n\n<p>Deixe-nos contar a hist\u00f3ria do batizado do seu filho, criando mem\u00f3rias que ir\u00e3o manter-se por gera\u00e7\u00f5es.<\/p>\n\n\n\t\t\t<style>\r\n                #foogallery-gallery-127.fg-justified .fg-item {\r\n                    margin-right: 2px;\r\n                    margin-bottom: 2px;\r\n                }\r\n\r\n                #foogallery-gallery-127.fg-justified .fg-image {\r\n                    height: 200px;\r\n                }\r\n\t\t\t<\/style>\r\n\t\t\t<div class=\"foogallery foogallery-container foogallery-justified foogallery-lightbox-foogallery fg-justified fg-light fg-shadow-outline fg-loading-default fg-loaded-fade-in fg-caption-always fg-hover-fade fg-hover-zoom2 fg-ready\" id=\"foogallery-gallery-127\" data-foogallery=\"{&quot;item&quot;:{&quot;showCaptionTitle&quot;:true,&quot;showCaptionDescription&quot;:false},&quot;lazy&quot;:true,&quot;template&quot;:{&quot;rowHeight&quot;:200,&quot;maxRowHeight&quot;:300,&quot;margins&quot;:2,&quot;align&quot;:&quot;center&quot;,&quot;lastRow&quot;:&quot;smart&quot;}}\" data-foogallery-lightbox=\"{&quot;thumbs&quot;:&quot;bottom&quot;,&quot;thumbsCaptions&quot;:false,&quot;thumbsBestFit&quot;:false,&quot;thumbsSmall&quot;:false,&quot;thumbsCaptionsAlign&quot;:&quot;default&quot;,&quot;info&quot;:&quot;bottom&quot;,&quot;infoVisible&quot;:true,&quot;infoOverlay&quot;:true,&quot;infoAlign&quot;:&quot;default&quot;,&quot;transition&quot;:&quot;fade&quot;,&quot;hoverButtons&quot;:false,&quot;fitMedia&quot;:false,&quot;noScrollbars&quot;:true,&quot;preserveButtonSpace&quot;:true,&quot;buttons&quot;:{&quot;fullscreen&quot;:true,&quot;info&quot;:true,&quot;thumbs&quot;:false},&quot;video&quot;:{&quot;autoPlay&quot;:true}}\" >\r\n\t<div class=\"fg-item fg-type-image fg-idle\"><figure class=\"fg-item-inner\"><a href=\"https:\/\/estudioslenisa.pt\/wp-content\/uploads\/2024\/04\/0403.jpg\" data-attachment-id=\"131\" data-type=\"image\" class=\"fg-thumb\"><span class=\"fg-image-wrap\"><img fetchpriority=\"high\" decoding=\"async\" height=\"300\" width=\"454\" class=\"skip-lazy fg-image\" data-src-fg=\"https:\/\/estudioslenisa.pt\/wp-content\/uploads\/cache\/2024\/04\/0403\/2043917478.jpg\" src=\"data:image\/svg+xml,%3Csvg%20xmlns%3D%22http%3A%2F%2Fwww.w3.org%2F2000%2Fsvg%22%20width%3D%22454%22%20height%3D%22300%22%20viewBox%3D%220%200%20454%20300%22%3E%3C%2Fsvg%3E\" loading=\"eager\"><\/span><span class=\"fg-image-overlay\"><\/span><\/a><figcaption class=\"fg-caption\"><div class=\"fg-caption-inner\"><\/div><\/figcaption><\/figure><div class=\"fg-loader\"><\/div><\/div><div class=\"fg-item fg-type-image fg-idle\"><figure class=\"fg-item-inner\"><a href=\"https:\/\/estudioslenisa.pt\/wp-content\/uploads\/2024\/04\/0388.jpg\" data-attachment-id=\"130\" data-type=\"image\" class=\"fg-thumb\"><span class=\"fg-image-wrap\"><img decoding=\"async\" height=\"300\" width=\"357\" class=\"skip-lazy fg-image\" data-src-fg=\"https:\/\/estudioslenisa.pt\/wp-content\/uploads\/cache\/2024\/04\/0388\/2230041351.jpg\" src=\"data:image\/svg+xml,%3Csvg%20xmlns%3D%22http%3A%2F%2Fwww.w3.org%2F2000%2Fsvg%22%20width%3D%22357%22%20height%3D%22300%22%20viewBox%3D%220%200%20357%20300%22%3E%3C%2Fsvg%3E\" loading=\"eager\"><\/span><span class=\"fg-image-overlay\"><\/span><\/a><figcaption class=\"fg-caption\"><div class=\"fg-caption-inner\"><\/div><\/figcaption><\/figure><div class=\"fg-loader\"><\/div><\/div><div class=\"fg-item fg-type-image fg-idle\"><figure class=\"fg-item-inner\"><a href=\"https:\/\/estudioslenisa.pt\/wp-content\/uploads\/2024\/04\/0017-scaled.jpg\" data-attachment-id=\"128\" data-type=\"image\" class=\"fg-thumb\"><span class=\"fg-image-wrap\"><img decoding=\"async\" height=\"300\" width=\"449\" class=\"skip-lazy fg-image\" data-src-fg=\"https:\/\/estudioslenisa.pt\/wp-content\/uploads\/cache\/2024\/04\/0017-scaled\/3167981717.jpg\" src=\"data:image\/svg+xml,%3Csvg%20xmlns%3D%22http%3A%2F%2Fwww.w3.org%2F2000%2Fsvg%22%20width%3D%22449%22%20height%3D%22300%22%20viewBox%3D%220%200%20449%20300%22%3E%3C%2Fsvg%3E\" loading=\"eager\"><\/span><span class=\"fg-image-overlay\"><\/span><\/a><figcaption class=\"fg-caption\"><div class=\"fg-caption-inner\"><\/div><\/figcaption><\/figure><div class=\"fg-loader\"><\/div><\/div><div class=\"fg-item fg-type-image fg-idle\"><figure class=\"fg-item-inner\"><a href=\"https:\/\/estudioslenisa.pt\/wp-content\/uploads\/2024\/04\/0149-scaled.jpg\" data-attachment-id=\"129\" data-type=\"image\" class=\"fg-thumb\"><span class=\"fg-image-wrap\"><img decoding=\"async\" height=\"300\" width=\"449\" class=\"skip-lazy fg-image\" data-src-fg=\"https:\/\/estudioslenisa.pt\/wp-content\/uploads\/cache\/2024\/04\/0149-scaled\/3573386365.jpg\" src=\"data:image\/svg+xml,%3Csvg%20xmlns%3D%22http%3A%2F%2Fwww.w3.org%2F2000%2Fsvg%22%20width%3D%22449%22%20height%3D%22300%22%20viewBox%3D%220%200%20449%20300%22%3E%3C%2Fsvg%3E\" loading=\"eager\"><\/span><span class=\"fg-image-overlay\"><\/span><\/a><figcaption class=\"fg-caption\"><div class=\"fg-caption-inner\"><\/div><\/figcaption><\/figure><div class=\"fg-loader\"><\/div><\/div><div class=\"fg-item fg-type-image fg-idle\"><figure class=\"fg-item-inner\"><a href=\"https:\/\/estudioslenisa.pt\/wp-content\/uploads\/2024\/04\/0422_1.jpg\" data-attachment-id=\"132\" data-type=\"image\" class=\"fg-thumb\"><span class=\"fg-image-wrap\"><img decoding=\"async\" height=\"300\" width=\"361\" class=\"skip-lazy fg-image\" data-src-fg=\"https:\/\/estudioslenisa.pt\/wp-content\/uploads\/cache\/2024\/04\/0422_1\/1797586657.jpg\" src=\"data:image\/svg+xml,%3Csvg%20xmlns%3D%22http%3A%2F%2Fwww.w3.org%2F2000%2Fsvg%22%20width%3D%22361%22%20height%3D%22300%22%20viewBox%3D%220%200%20361%20300%22%3E%3C%2Fsvg%3E\" loading=\"eager\"><\/span><span class=\"fg-image-overlay\"><\/span><\/a><figcaption class=\"fg-caption\"><div class=\"fg-caption-inner\"><\/div><\/figcaption><\/figure><div class=\"fg-loader\"><\/div><\/div><div class=\"fg-item fg-type-image fg-idle\"><figure class=\"fg-item-inner\"><a href=\"https:\/\/estudioslenisa.pt\/wp-content\/uploads\/2024\/04\/0577.jpg\" data-attachment-id=\"133\" data-type=\"image\" class=\"fg-thumb\"><span class=\"fg-image-wrap\"><img decoding=\"async\" height=\"300\" width=\"385\" class=\"skip-lazy fg-image\" data-src-fg=\"https:\/\/estudioslenisa.pt\/wp-content\/uploads\/cache\/2024\/04\/0577\/1608970182.jpg\" src=\"data:image\/svg+xml,%3Csvg%20xmlns%3D%22http%3A%2F%2Fwww.w3.org%2F2000%2Fsvg%22%20width%3D%22385%22%20height%3D%22300%22%20viewBox%3D%220%200%20385%20300%22%3E%3C%2Fsvg%3E\" loading=\"eager\"><\/span><span class=\"fg-image-overlay\"><\/span><\/a><figcaption class=\"fg-caption\"><div class=\"fg-caption-inner\"><\/div><\/figcaption><\/figure><div class=\"fg-loader\"><\/div><\/div><div class=\"fg-item fg-type-image fg-idle\"><figure class=\"fg-item-inner\"><a href=\"https:\/\/estudioslenisa.pt\/wp-content\/uploads\/2024\/04\/609.jpg\" data-attachment-id=\"135\" data-type=\"image\" class=\"fg-thumb\"><span class=\"fg-image-wrap\"><img decoding=\"async\" height=\"300\" width=\"450\" class=\"skip-lazy fg-image\" data-src-fg=\"https:\/\/estudioslenisa.pt\/wp-content\/uploads\/cache\/2024\/04\/609\/267247502.jpg\" src=\"data:image\/svg+xml,%3Csvg%20xmlns%3D%22http%3A%2F%2Fwww.w3.org%2F2000%2Fsvg%22%20width%3D%22450%22%20height%3D%22300%22%20viewBox%3D%220%200%20450%20300%22%3E%3C%2Fsvg%3E\" loading=\"eager\"><\/span><span class=\"fg-image-overlay\"><\/span><\/a><figcaption class=\"fg-caption\"><div class=\"fg-caption-inner\"><\/div><\/figcaption><\/figure><div class=\"fg-loader\"><\/div><\/div><div class=\"fg-item fg-type-image fg-idle\"><figure class=\"fg-item-inner\"><a href=\"https:\/\/estudioslenisa.pt\/wp-content\/uploads\/2024\/04\/603.jpg\" data-attachment-id=\"134\" data-type=\"image\" class=\"fg-thumb\"><span class=\"fg-image-wrap\"><img decoding=\"async\" height=\"300\" width=\"450\" class=\"skip-lazy fg-image\" data-src-fg=\"https:\/\/estudioslenisa.pt\/wp-content\/uploads\/cache\/2024\/04\/603\/1901607642.jpg\" src=\"data:image\/svg+xml,%3Csvg%20xmlns%3D%22http%3A%2F%2Fwww.w3.org%2F2000%2Fsvg%22%20width%3D%22450%22%20height%3D%22300%22%20viewBox%3D%220%200%20450%20300%22%3E%3C%2Fsvg%3E\" loading=\"eager\"><\/span><span class=\"fg-image-overlay\"><\/span><\/a><figcaption class=\"fg-caption\"><div class=\"fg-caption-inner\"><\/div><\/figcaption><\/figure><div class=\"fg-loader\"><\/div><\/div><div class=\"fg-item fg-type-image fg-idle\"><figure class=\"fg-item-inner\"><a href=\"https:\/\/estudioslenisa.pt\/wp-content\/uploads\/2024\/04\/1202.jpg\" data-attachment-id=\"136\" data-type=\"image\" class=\"fg-thumb\"><span class=\"fg-image-wrap\"><img decoding=\"async\" height=\"300\" width=\"428\" class=\"skip-lazy fg-image\" data-src-fg=\"https:\/\/estudioslenisa.pt\/wp-content\/uploads\/cache\/2024\/04\/1202\/4208673950.jpg\" src=\"data:image\/svg+xml,%3Csvg%20xmlns%3D%22http%3A%2F%2Fwww.w3.org%2F2000%2Fsvg%22%20width%3D%22428%22%20height%3D%22300%22%20viewBox%3D%220%200%20428%20300%22%3E%3C%2Fsvg%3E\" loading=\"eager\"><\/span><span class=\"fg-image-overlay\"><\/span><\/a><figcaption class=\"fg-caption\"><div class=\"fg-caption-inner\"><\/div><\/figcaption><\/figure><div class=\"fg-loader\"><\/div><\/div><div class=\"fg-item fg-type-image fg-idle\"><figure class=\"fg-item-inner\"><a href=\"https:\/\/estudioslenisa.pt\/wp-content\/uploads\/2024\/04\/1222.jpg\" data-attachment-id=\"137\" data-type=\"image\" class=\"fg-thumb\"><span class=\"fg-image-wrap\"><img decoding=\"async\" height=\"300\" width=\"208\" class=\"skip-lazy fg-image\" data-src-fg=\"https:\/\/estudioslenisa.pt\/wp-content\/uploads\/cache\/2024\/04\/1222\/763086478.jpg\" src=\"data:image\/svg+xml,%3Csvg%20xmlns%3D%22http%3A%2F%2Fwww.w3.org%2F2000%2Fsvg%22%20width%3D%22208%22%20height%3D%22300%22%20viewBox%3D%220%200%20208%20300%22%3E%3C%2Fsvg%3E\" loading=\"eager\"><\/span><span class=\"fg-image-overlay\"><\/span><\/a><figcaption class=\"fg-caption\"><div class=\"fg-caption-inner\"><\/div><\/figcaption><\/figure><div class=\"fg-loader\"><\/div><\/div><div class=\"fg-item fg-type-image fg-idle\"><figure class=\"fg-item-inner\"><a href=\"https:\/\/estudioslenisa.pt\/wp-content\/uploads\/2024\/04\/1225.jpg\" data-attachment-id=\"138\" data-type=\"image\" class=\"fg-thumb\"><span class=\"fg-image-wrap\"><img decoding=\"async\" height=\"300\" width=\"200\" class=\"skip-lazy fg-image\" data-src-fg=\"https:\/\/estudioslenisa.pt\/wp-content\/uploads\/cache\/2024\/04\/1225\/66968834.jpg\" src=\"data:image\/svg+xml,%3Csvg%20xmlns%3D%22http%3A%2F%2Fwww.w3.org%2F2000%2Fsvg%22%20width%3D%22200%22%20height%3D%22300%22%20viewBox%3D%220%200%20200%20300%22%3E%3C%2Fsvg%3E\" loading=\"eager\"><\/span><span class=\"fg-image-overlay\"><\/span><\/a><figcaption class=\"fg-caption\"><div class=\"fg-caption-inner\"><\/div><\/figcaption><\/figure><div class=\"fg-loader\"><\/div><\/div><div class=\"fg-item fg-type-image fg-idle\"><figure class=\"fg-item-inner\"><a href=\"https:\/\/estudioslenisa.pt\/wp-content\/uploads\/2024\/04\/1546-scaled.jpg\" data-attachment-id=\"139\" data-type=\"image\" class=\"fg-thumb\"><span class=\"fg-image-wrap\"><img decoding=\"async\" height=\"300\" width=\"381\" class=\"skip-lazy fg-image\" data-src-fg=\"https:\/\/estudioslenisa.pt\/wp-content\/uploads\/cache\/2024\/04\/1546-scaled\/2313696862.jpg\" src=\"data:image\/svg+xml,%3Csvg%20xmlns%3D%22http%3A%2F%2Fwww.w3.org%2F2000%2Fsvg%22%20width%3D%22381%22%20height%3D%22300%22%20viewBox%3D%220%200%20381%20300%22%3E%3C%2Fsvg%3E\" loading=\"eager\"><\/span><span class=\"fg-image-overlay\"><\/span><\/a><figcaption class=\"fg-caption\"><div class=\"fg-caption-inner\"><\/div><\/figcaption><\/figure><div class=\"fg-loader\"><\/div><\/div><div class=\"fg-item fg-type-image fg-idle\"><figure class=\"fg-item-inner\"><a href=\"https:\/\/estudioslenisa.pt\/wp-content\/uploads\/2024\/04\/CAR_1956-scaled.jpg\" data-attachment-id=\"140\" data-type=\"image\" class=\"fg-thumb\"><span class=\"fg-image-wrap\"><img decoding=\"async\" height=\"300\" width=\"450\" class=\"skip-lazy fg-image\" data-src-fg=\"https:\/\/estudioslenisa.pt\/wp-content\/uploads\/cache\/2024\/04\/CAR_1956-scaled\/3194775146.jpg\" src=\"data:image\/svg+xml,%3Csvg%20xmlns%3D%22http%3A%2F%2Fwww.w3.org%2F2000%2Fsvg%22%20width%3D%22450%22%20height%3D%22300%22%20viewBox%3D%220%200%20450%20300%22%3E%3C%2Fsvg%3E\" loading=\"eager\"><\/span><span class=\"fg-image-overlay\"><\/span><\/a><figcaption class=\"fg-caption\"><div class=\"fg-caption-inner\"><\/div><\/figcaption><\/figure><div class=\"fg-loader\"><\/div><\/div><div class=\"fg-item fg-type-image fg-idle\"><figure class=\"fg-item-inner\"><a href=\"https:\/\/estudioslenisa.pt\/wp-content\/uploads\/2024\/04\/CAR_1965-scaled.jpg\" data-attachment-id=\"142\" data-type=\"image\" class=\"fg-thumb\"><span class=\"fg-image-wrap\"><img decoding=\"async\" height=\"300\" width=\"200\" class=\"skip-lazy fg-image\" data-src-fg=\"https:\/\/estudioslenisa.pt\/wp-content\/uploads\/cache\/2024\/04\/CAR_1965-scaled\/1538299333.jpg\" src=\"data:image\/svg+xml,%3Csvg%20xmlns%3D%22http%3A%2F%2Fwww.w3.org%2F2000%2Fsvg%22%20width%3D%22200%22%20height%3D%22300%22%20viewBox%3D%220%200%20200%20300%22%3E%3C%2Fsvg%3E\" loading=\"eager\"><\/span><span class=\"fg-image-overlay\"><\/span><\/a><figcaption class=\"fg-caption\"><div class=\"fg-caption-inner\"><\/div><\/figcaption><\/figure><div class=\"fg-loader\"><\/div><\/div><div class=\"fg-item fg-type-image fg-idle\"><figure class=\"fg-item-inner\"><a href=\"https:\/\/estudioslenisa.pt\/wp-content\/uploads\/2024\/04\/CAR_1990-scaled.jpg\" data-attachment-id=\"144\" data-type=\"image\" class=\"fg-thumb\"><span class=\"fg-image-wrap\"><img decoding=\"async\" height=\"300\" width=\"227\" class=\"skip-lazy fg-image\" data-src-fg=\"https:\/\/estudioslenisa.pt\/wp-content\/uploads\/cache\/2024\/04\/CAR_1990-scaled\/1511472473.jpg\" src=\"data:image\/svg+xml,%3Csvg%20xmlns%3D%22http%3A%2F%2Fwww.w3.org%2F2000%2Fsvg%22%20width%3D%22227%22%20height%3D%22300%22%20viewBox%3D%220%200%20227%20300%22%3E%3C%2Fsvg%3E\" loading=\"eager\"><\/span><span class=\"fg-image-overlay\"><\/span><\/a><figcaption class=\"fg-caption\"><div class=\"fg-caption-inner\"><\/div><\/figcaption><\/figure><div class=\"fg-loader\"><\/div><\/div><div class=\"fg-item fg-type-image fg-idle\"><figure class=\"fg-item-inner\"><a href=\"https:\/\/estudioslenisa.pt\/wp-content\/uploads\/2024\/04\/PAF_2179PB-scaled.jpg\" data-attachment-id=\"154\" data-type=\"image\" class=\"fg-thumb\"><span class=\"fg-image-wrap\"><img decoding=\"async\" height=\"300\" width=\"450\" class=\"skip-lazy fg-image\" data-src-fg=\"https:\/\/estudioslenisa.pt\/wp-content\/uploads\/cache\/2024\/04\/PAF_2179PB-scaled\/3226054654.jpg\" src=\"data:image\/svg+xml,%3Csvg%20xmlns%3D%22http%3A%2F%2Fwww.w3.org%2F2000%2Fsvg%22%20width%3D%22450%22%20height%3D%22300%22%20viewBox%3D%220%200%20450%20300%22%3E%3C%2Fsvg%3E\" loading=\"eager\"><\/span><span class=\"fg-image-overlay\"><\/span><\/a><figcaption class=\"fg-caption\"><div class=\"fg-caption-inner\"><\/div><\/figcaption><\/figure><div class=\"fg-loader\"><\/div><\/div><\/div>\r\n\n\n\n<p class=\"has-small-font-size\"><\/p>\n\n\n<p>\n\n\n<div class=\"wp-block-buttons is-vertical is-content-justification-center is-layout-flex wp-container-core-buttons-is-layout-4649e89c wp-block-buttons-is-layout-flex\">\n<div class=\"wp-block-button has-custom-width wp-block-button__width-25 is-style-outline is-style-outline--1\"><a class=\"wp-block-button__link has-text-color has-background wp-element-button\" href=\"https:\/\/estudioslenisa.pt\/?page_id=58\" style=\"border-radius:50px;color:#ffffff;background-color:#c8ba7b\" target=\"_blank\" rel=\"noreferrer noopener\">Contacte-nos<\/a><\/div>\n<\/div>\n","protected":false},"excerpt":{"rendered":"<p>O batizado \u00e9 um momento especial e simb\u00f3lico na vida de uma fam\u00edlia, repleto de emo\u00e7\u00e3o e significado. O nosso servi\u00e7o de reportagem fotogr\u00e1fica para batizados regista cada detalhe desta celebra\u00e7\u00e3o \u00fanica, capturando com sensibilidade e discri\u00e7\u00e3o os momentos mais importantes, desde a cerim\u00f3nia at\u00e9 \u00e0 reuni\u00e3o familiar. Focamo-nos em fotografar os gestos de carinho, as express\u00f5es e a alegria deste dia especial. As nossas imagens procuram refletir a beleza da cerim\u00f3nia e o amor que envolve a crian\u00e7a e a sua fam\u00edlia. Fazemos a cobertura completa da cerim\u00f3nia, desde os preparativos em casa at\u00e9 \u00e0 celebra\u00e7\u00e3o e festa com&#8230; <\/p>\n","protected":false},"author":1,"featured_media":0,"parent":0,"menu_order":0,"comment_status":"closed","ping_status":"closed","template":"template-parts\/template-full-width.php","meta":{"footnotes":""},"class_list":["post-151","page","type-page","status-publish","hentry"],"_links":{"self":[{"href":"https:\/\/estudioslenisa.pt\/index.php?rest_route=\/wp\/v2\/pages\/151","targetHints":{"allow":["GET"]}}],"collection":[{"href":"https:\/\/estudioslenisa.pt\/index.php?rest_route=\/wp\/v2\/pages"}],"about":[{"href":"https:\/\/estudioslenisa.pt\/index.php?rest_route=\/wp\/v2\/types\/page"}],"author":[{"embeddable":true,"href":"https:\/\/estudioslenisa.pt\/index.php?rest_route=\/wp\/v2\/users\/1"}],"replies":[{"embeddable":true,"href":"https:\/\/estudioslenisa.pt\/index.php?rest_route=%2Fwp%2Fv2%2Fcomments&post=151"}],"version-history":[{"count":4,"href":"https:\/\/estudioslenisa.pt\/index.php?rest_route=\/wp\/v2\/pages\/151\/revisions"}],"predecessor-version":[{"id":392,"href":"https:\/\/estudioslenisa.pt\/index.php?rest_route=\/wp\/v2\/pages\/151\/revisions\/392"}],"wp:attachment":[{"href":"https:\/\/estudioslenisa.pt\/index.php?rest_route=%2Fwp%2Fv2%2Fmedia&parent=151"}],"curies":[{"name":"wp","href":"https:\/\/api.w.org\/{rel}","templated":true}]}}